{"id":1522,"date":"2025-06-26T08:21:01","date_gmt":"2025-06-26T05:21:01","guid":{"rendered":"https:\/\/rommedica.ro\/?page_id=1522"},"modified":"2025-09-30T17:49:47","modified_gmt":"2025-09-30T14:49:47","slug":"comunicate-de-presa-si-newslettere","status":"publish","type":"page","link":"https:\/\/rommedica.ro\/en\/comunicate-de-presa-si-newslettere\/","title":{"rendered":"Press releases and newsletters"},"content":{"rendered":"<div class=\"wpb-content-wrapper\"><div class=\"vc_row wpb_row vc_row-fluid\"><div class=\"wpb_column vc_column_container vc_col-sm-6\"><div class=\"vc_column-inner\"><div class=\"wpb_wrapper\"><div id=\"ultimate-heading-737769e4618541644\" class=\"uvc-heading ult-adjust-bottom-margin ultimate-heading-737769e4618541644 uvc-458\" data-hspacer=\"no_spacer\"  data-halign=\"center\" style=\"text-align:center\"><div class=\"uvc-heading-spacer no_spacer\" style=\"top\"><\/div><div class=\"uvc-main-heading ult-responsive\"  data-ultimate-target='.uvc-heading.ultimate-heading-737769e4618541644 h2'  data-responsive-json-new='{\"font-size\":\"desktop:20px;\",\"line-height\":\"\"}' ><h2 style=\"text-decoration:underline;--font-weight:theme;\">Press releases<\/h2><\/div><\/div><div class=\"vc_empty_space\"   style=\"height: 32px\"><span class=\"vc_empty_space_inner\"><\/span><\/div><div class=\"standard-arrow list-divider bullet-top\"><p style=\"text-align: center;\"><strong><a href=\"https:\/\/romexpo.ro\/2025\/09\/30\/denta-rommedica-2025-expozitia-unde-inovatia-medicala-intalneste-comunitatea-profesionistilor-din-sanatate\/\">DENTA &amp; ROMMEDICA 2025 \u2013 Expozi\u021bia unde inova\u021bia medical\u0103 \u00eent\u00e2lne\u0219te comunitatea profesioni\u0219tilor din s\u0103n\u0103tate<\/a><\/strong><\/p>\n<\/div><div class=\"vc_empty_space\"   style=\"height: 32px\"><span class=\"vc_empty_space_inner\"><\/span><\/div><div class=\"standard-arrow list-divider bullet-top\"><p style=\"text-align: center;\"><a href=\"https:\/\/romexpo.ro\/2025\/06\/13\/denta-rommedica-2025-2\/\"><strong>E momentul ideal s\u0103 v\u0103 asigura\u021bi participarea!<\/strong><\/a><\/p>\n<\/div><div class=\"vc_empty_space\"   style=\"height: 32px\"><span class=\"vc_empty_space_inner\"><\/span><\/div><div class=\"standard-arrow list-divider bullet-top\"><p style=\"text-align: center;\"><a href=\"https:\/\/romexpo.ro\/2025\/05\/12\/denta-rommedica-2025\/\"><b>Inova\u021bie, Educa\u021bie, Experien\u021b\u0103<\/b><\/a><\/p>\n<\/div><div class=\"vc_empty_space\"   style=\"height: 32px\"><span class=\"vc_empty_space_inner\"><\/span><\/div><div class=\"hr-thin style-line accent-border-color\" style=\"width: 10%;border-top-width: 1px;\"><\/div><\/div><\/div><\/div><div class=\"wpb_column vc_column_container vc_col-sm-6\"><div class=\"vc_column-inner\"><div class=\"wpb_wrapper\"><div id=\"ultimate-heading-717269e4618541cc8\" class=\"uvc-heading ult-adjust-bottom-margin ultimate-heading-717269e4618541cc8 uvc-1889\" data-hspacer=\"no_spacer\"  data-halign=\"center\" style=\"text-align:center\"><div class=\"uvc-heading-spacer no_spacer\" style=\"top\"><\/div><div class=\"uvc-main-heading ult-responsive\"  data-ultimate-target='.uvc-heading.ultimate-heading-717269e4618541cc8 h2'  data-responsive-json-new='{\"font-size\":\"desktop:20px;\",\"line-height\":\"\"}' ><h2 style=\"text-decoration:underline;--font-weight:theme;\">Newsletter<\/h2><\/div><\/div><div class=\"vc_empty_space\"   style=\"height: 32px\"><span class=\"vc_empty_space_inner\"><\/span><\/div><div class=\"standard-arrow list-divider bullet-top\"><p style=\"text-align: center;\"><strong><a href=\"https:\/\/mailchi.mp\/romexpo.ro\/denta-29092025\">Locul unde se \u00eent\u00e2lne\u0219te comunitatea medical\u0103 \u2013 DENTA &amp; ROMMEDICA 2025<\/a><\/strong><\/p>\n<\/div><div class=\"vc_empty_space\"   style=\"height: 32px\"><span class=\"vc_empty_space_inner\"><\/span><\/div><div class=\"standard-arrow list-divider bullet-top\"><p style=\"text-align: center;\"><strong><a href=\"https:\/\/www.romexpo.ro\/newsletter\/2025\/033\/\">Platforma integrat\u0103 pentru inova\u021bie, educa\u021bie \u0219i colaborare \u00een medicin\u0103 \u0219i stomatologie<\/a><\/strong><\/p>\n<\/div><div class=\"vc_empty_space\"   style=\"height: 32px\"><span class=\"vc_empty_space_inner\"><\/span><\/div><div class=\"standard-arrow list-divider bullet-top\"><p style=\"text-align: center;\"><strong><a href=\"https:\/\/www.romexpo.ro\/newsletter\/2025\/028\/\">Viitorul s\u0103n\u0103t\u0103\u021bii \u00eencepe aici!<\/a><\/strong><\/p>\n<\/div><div class=\"vc_empty_space\"   style=\"height: 32px\"><span class=\"vc_empty_space_inner\"><\/span><\/div><div class=\"hr-thin style-line accent-border-color\" style=\"width: 10%;border-top-width: 1px;\"><\/div><\/div><\/div><\/div><\/div>\n<\/div>","protected":false},"excerpt":{"rendered":"<p>Comunicate de pres\u0103DENTA &amp; ROMMEDICA 2025 \u2013 Expozi\u021bia unde inova\u021bia medical\u0103 \u00eent\u00e2lne\u0219te comunitatea profesioni\u0219tilor din s\u0103n\u0103tate E momentul ideal s\u0103 v\u0103 asigura\u021bi participarea! Inova\u021bie, Educa\u021bie, Experien\u021b\u0103 NewsletterLocul unde se \u00eent\u00e2lne\u0219te comunitatea medical\u0103 \u2013 DENTA &amp; ROMMEDICA 2025 Platforma integrat\u0103 pentru inova\u021bie, educa\u021bie \u0219i colaborare \u00een medicin\u0103 \u0219i stomatologie Viitorul s\u0103n\u0103t\u0103\u021bii \u00eencepe aici!<\/p>","protected":false},"author":1,"featured_media":0,"parent":0,"menu_order":0,"comment_status":"closed","ping_status":"closed","template":"","meta":{"_monsterinsights_skip_tracking":false,"_monsterinsights_sitenote_active":false,"_monsterinsights_sitenote_note":"","_monsterinsights_sitenote_category":0,"_uf_show_specific_survey":0,"_uf_disable_surveys":false,"footnotes":""},"class_list":["post-1522","page","type-page","status-publish","hentry","description-off"],"aioseo_notices":[],"jetpack_sharing_enabled":true,"_links":{"self":[{"href":"https:\/\/rommedica.ro\/en\/wp-json\/wp\/v2\/pages\/1522","targetHints":{"allow":["GET"]}}],"collection":[{"href":"https:\/\/rommedica.ro\/en\/wp-json\/wp\/v2\/pages"}],"about":[{"href":"https:\/\/rommedica.ro\/en\/wp-json\/wp\/v2\/types\/page"}],"author":[{"embeddable":true,"href":"https:\/\/rommedica.ro\/en\/wp-json\/wp\/v2\/users\/1"}],"replies":[{"embeddable":true,"href":"https:\/\/rommedica.ro\/en\/wp-json\/wp\/v2\/comments?post=1522"}],"version-history":[{"count":8,"href":"https:\/\/rommedica.ro\/en\/wp-json\/wp\/v2\/pages\/1522\/revisions"}],"predecessor-version":[{"id":1551,"href":"https:\/\/rommedica.ro\/en\/wp-json\/wp\/v2\/pages\/1522\/revisions\/1551"}],"wp:attachment":[{"href":"https:\/\/rommedica.ro\/en\/wp-json\/wp\/v2\/media?parent=1522"}],"curies":[{"name":"wp","href":"https:\/\/api.w.org\/{rel}","templated":true}]}}