{"id":1461,"date":"2025-06-11T09:53:45","date_gmt":"2025-06-11T06:53:45","guid":{"rendered":"https:\/\/rommedica.ro\/?page_id=1461"},"modified":"2025-11-27T09:58:49","modified_gmt":"2025-11-27T07:58:49","slug":"info-vizitatori","status":"publish","type":"page","link":"https:\/\/rommedica.ro\/en\/info-vizitatori\/","title":{"rendered":"Info visitors"},"content":{"rendered":"<div class=\"wpb-content-wrapper\"><div class=\"vc_row wpb_row vc_row-fluid vc_custom_1561964015799 vc_row-o-equal-height vc_row-o-content-middle vc_row-flex\"><div class=\"wpb_column vc_column_container vc_col-sm-6\"><div class=\"vc_column-inner vc_custom_1561963982378\"><div class=\"wpb_wrapper\"><div id=\"ultimate-heading-258769f31b2f7dd09\" class=\"uvc-heading ult-adjust-bottom-margin ultimate-heading-258769f31b2f7dd09 uvc-6337  uvc-heading-default-font-sizes\" data-hspacer=\"no_spacer\"  data-halign=\"left\" style=\"text-align:left\"><div class=\"uvc-heading-spacer no_spacer\" style=\"top\"><\/div><div class=\"uvc-sub-heading ult-responsive\"  data-ultimate-target='.uvc-heading.ultimate-heading-258769f31b2f7dd09 .uvc-sub-heading '  data-responsive-json-new='{\"font-size\":\"\",\"line-height\":\"\"}'  style=\"font-weight:normal;\"><\/p>\n<p style=\"text-align: justify;\">ROMMEDICA is the essential event dedicated to the medical industry, bringing together in one place the most advanced medical equipment, state-of-the-art technologies and innovative solutions for the healthcare sector. The exhibition provides an ideal platform for manufacturers, importers and distributors of medical equipment, facilitating direct interaction with specialists, business partners and representatives of medical institutions, promoting progress and innovation in the healthcare sector, supporting professional development and providing networking opportunities for all those involved in the healthcare industry.<\/p>\n<p><\/div><\/div><\/div><\/div><\/div><div class=\"wpb_column vc_column_container vc_col-sm-6\"><div class=\"vc_column-inner\"><div class=\"wpb_wrapper\">\n\t<div  class=\"wpb_single_image wpb_content_element vc_align_left  vc_custom_1749548764580\">\n\t\t\n\t\t<figure class=\"wpb_wrapper vc_figure\">\n\t\t\t<div class=\"vc_single_image-wrapper   vc_box_border_grey\"><img loading=\"lazy\" decoding=\"async\" width=\"1500\" height=\"997\" src=\"https:\/\/rommedica.ro\/wp-content\/uploads\/2025\/06\/DSC_8937.jpg\" class=\"vc_single_image-img attachment-full\" alt=\"\" title=\"DSC_8937\" srcset=\"https:\/\/rommedica.ro\/wp-content\/uploads\/2025\/06\/DSC_8937.jpg 1500w, https:\/\/rommedica.ro\/wp-content\/uploads\/2025\/06\/DSC_8937-300x199.jpg 300w, https:\/\/rommedica.ro\/wp-content\/uploads\/2025\/06\/DSC_8937-1024x681.jpg 1024w, https:\/\/rommedica.ro\/wp-content\/uploads\/2025\/06\/DSC_8937-768x510.jpg 768w\" sizes=\"auto, (max-width: 1500px) 100vw, 1500px\"  data-dt-location=\"https:\/\/rommedica.ro\/en\/info-expozanti\/dsc_8937\/\" \/><\/div>\n\t\t<\/figure>\n\t<\/div>\n<\/div><\/div><\/div><\/div><div class=\"vc_row wpb_row vc_row-fluid vc_custom_1561964153013 vc_row-o-equal-height vc_row-o-content-middle vc_row-flex\"><div class=\"wpb_column vc_column_container vc_col-sm-6\"><div class=\"vc_column-inner\"><div class=\"wpb_wrapper\">\n\t<div  class=\"wpb_single_image wpb_content_element vc_align_left  vc_custom_1749548816131\">\n\t\t\n\t\t<figure class=\"wpb_wrapper vc_figure\">\n\t\t\t<div class=\"vc_single_image-wrapper   vc_box_border_grey\"><img loading=\"lazy\" decoding=\"async\" width=\"1500\" height=\"997\" src=\"https:\/\/rommedica.ro\/wp-content\/uploads\/2025\/06\/DSC_8939.jpg\" class=\"vc_single_image-img attachment-full\" alt=\"\" title=\"DSC_8939\" srcset=\"https:\/\/rommedica.ro\/wp-content\/uploads\/2025\/06\/DSC_8939.jpg 1500w, https:\/\/rommedica.ro\/wp-content\/uploads\/2025\/06\/DSC_8939-300x199.jpg 300w, https:\/\/rommedica.ro\/wp-content\/uploads\/2025\/06\/DSC_8939-1024x681.jpg 1024w, https:\/\/rommedica.ro\/wp-content\/uploads\/2025\/06\/DSC_8939-768x510.jpg 768w\" sizes=\"auto, (max-width: 1500px) 100vw, 1500px\"  data-dt-location=\"https:\/\/rommedica.ro\/en\/info-expozanti\/dsc_8939\/\" \/><\/div>\n\t\t<\/figure>\n\t<\/div>\n<\/div><\/div><\/div><div class=\"wpb_column vc_column_container vc_col-sm-6\"><div class=\"vc_column-inner vc_custom_1562003166274\"><div class=\"wpb_wrapper\"><div class=\"standard-arrow bullet-top\"><ul>\n<li>October 16 \u2013 18, 2026 (Thursday \u2013Friday), time interval 10:00 \u2013 18:00<\/li>\n<li>Pedestrian access: Gates A and B<\/li>\n<li>Car access: Parking B and C<\/li>\n<li>Parking fee: 5 lei\/hour<\/li>\n<li>Hall B1<\/li>\n<li class=\"translation-block\">Access for <a href=\"https:\/\/qrco.de\/romexpomobileapp\" target=\"_self\"><strong>specialist visitors<\/strong><\/a> is based on registration in the <strong><a href=\"https:\/\/qrco.de\/romexpomobileapp\" target=\"_self\">ROMEXPO<\/a><\/strong> application.<\/li>\n<\/ul>\n<\/div><\/div><\/div><\/div><\/div>\n<\/div>","protected":false},"excerpt":{"rendered":"<p>ROMMEDICA este evenimentul esen\u021bial dedicat industriei medicale, reunind \u00eentr-un singur loc cele mai performante echipamente medicale, tehnologii de ultim\u0103 genera\u021bie \u0219i solu\u021bii inovatoare pentru domeniul s\u0103n\u0103t\u0103\u021bii. Expozi\u021bia ofer\u0103 o platform\u0103 ideal\u0103 pentru produc\u0103tori, importatori \u0219i distribuitori de echipamente medicale, facilit\u00e2nd interac\u021biunea direct\u0103 cu speciali\u0219ti, parteneri de afaceri \u0219i reprezentan\u021bi ai institu\u021biilor medicale promov\u00e2nd progresul \u0219i&hellip;<\/p>","protected":false},"author":1,"featured_media":0,"parent":0,"menu_order":0,"comment_status":"closed","ping_status":"closed","template":"","meta":{"_monsterinsights_skip_tracking":false,"_monsterinsights_sitenote_active":false,"_monsterinsights_sitenote_note":"","_monsterinsights_sitenote_category":0,"_uf_show_specific_survey":0,"_uf_disable_surveys":false,"footnotes":""},"class_list":["post-1461","page","type-page","status-publish","hentry","description-off"],"aioseo_notices":[],"jetpack_sharing_enabled":true,"_links":{"self":[{"href":"https:\/\/rommedica.ro\/en\/wp-json\/wp\/v2\/pages\/1461","targetHints":{"allow":["GET"]}}],"collection":[{"href":"https:\/\/rommedica.ro\/en\/wp-json\/wp\/v2\/pages"}],"about":[{"href":"https:\/\/rommedica.ro\/en\/wp-json\/wp\/v2\/types\/page"}],"author":[{"embeddable":true,"href":"https:\/\/rommedica.ro\/en\/wp-json\/wp\/v2\/users\/1"}],"replies":[{"embeddable":true,"href":"https:\/\/rommedica.ro\/en\/wp-json\/wp\/v2\/comments?post=1461"}],"version-history":[{"count":4,"href":"https:\/\/rommedica.ro\/en\/wp-json\/wp\/v2\/pages\/1461\/revisions"}],"predecessor-version":[{"id":1565,"href":"https:\/\/rommedica.ro\/en\/wp-json\/wp\/v2\/pages\/1461\/revisions\/1565"}],"wp:attachment":[{"href":"https:\/\/rommedica.ro\/en\/wp-json\/wp\/v2\/media?parent=1461"}],"curies":[{"name":"wp","href":"https:\/\/api.w.org\/{rel}","templated":true}]}}