{"id":1387,"date":"2018-11-06T10:34:45","date_gmt":"2018-11-06T10:34:45","guid":{"rendered":"https:\/\/rommedica.ro\/about\/"},"modified":"2025-11-27T09:57:39","modified_gmt":"2025-11-27T07:57:39","slug":"info-expozanti","status":"publish","type":"page","link":"https:\/\/rommedica.ro\/en\/info-expozanti\/","title":{"rendered":"Exhibitor info"},"content":{"rendered":"<div class=\"wpb-content-wrapper\"><div class=\"vc_row wpb_row vc_row-fluid vc_custom_1561964015799 vc_row-o-equal-height vc_row-o-content-middle vc_row-flex\"><div class=\"wpb_column vc_column_container vc_col-sm-6\"><div class=\"vc_column-inner vc_custom_1561963982378\"><div class=\"wpb_wrapper\"><div id=\"ultimate-heading-365169f315da38b35\" class=\"uvc-heading ult-adjust-bottom-margin ultimate-heading-365169f315da38b35 uvc-9314  uvc-heading-default-font-sizes\" data-hspacer=\"no_spacer\"  data-halign=\"left\" style=\"text-align:left\"><div class=\"uvc-heading-spacer no_spacer\" style=\"top\"><\/div><div class=\"uvc-sub-heading ult-responsive\"  data-ultimate-target='.uvc-heading.ultimate-heading-365169f315da38b35 .uvc-sub-heading '  data-responsive-json-new='{\"font-size\":\"\",\"line-height\":\"\"}'  style=\"font-weight:normal;\"><\/p>\n<p style=\"text-align: justify;\">ROMMEDICA is the event dedicated to technology and innovation in the medical field, bringing together manufacturers, importers and distributors of state-of-the-art medical equipment and solutions. The exhibition offers an ideal platform for healthcare professionals, facilitating business interactions, presentations of innovative products and services, as well as access to the latest trends and technologies in the medical industry. ROMMEDICA is the meeting point for companies from Romania and abroad, strengthening partnerships and supporting the development of the medical sector.<\/p>\n<p><\/div><\/div><\/div><\/div><\/div><div class=\"wpb_column vc_column_container vc_col-sm-6\"><div class=\"vc_column-inner\"><div class=\"wpb_wrapper\">\n\t<div  class=\"wpb_single_image wpb_content_element vc_align_left  vc_custom_1749548764580\">\n\t\t\n\t\t<figure class=\"wpb_wrapper vc_figure\">\n\t\t\t<div class=\"vc_single_image-wrapper   vc_box_border_grey\"><img loading=\"lazy\" decoding=\"async\" width=\"1500\" height=\"997\" src=\"https:\/\/rommedica.ro\/wp-content\/uploads\/2025\/06\/DSC_8937.jpg\" class=\"vc_single_image-img attachment-full\" alt=\"\" title=\"DSC_8937\" srcset=\"https:\/\/rommedica.ro\/wp-content\/uploads\/2025\/06\/DSC_8937.jpg 1500w, https:\/\/rommedica.ro\/wp-content\/uploads\/2025\/06\/DSC_8937-300x199.jpg 300w, https:\/\/rommedica.ro\/wp-content\/uploads\/2025\/06\/DSC_8937-1024x681.jpg 1024w, https:\/\/rommedica.ro\/wp-content\/uploads\/2025\/06\/DSC_8937-768x510.jpg 768w\" sizes=\"auto, (max-width: 1500px) 100vw, 1500px\"  data-dt-location=\"https:\/\/rommedica.ro\/en\/info-expozanti\/dsc_8937\/\" \/><\/div>\n\t\t<\/figure>\n\t<\/div>\n<\/div><\/div><\/div><\/div><div class=\"vc_row wpb_row vc_row-fluid vc_custom_1561964153013 vc_row-o-equal-height vc_row-o-content-middle vc_row-flex\"><div class=\"wpb_column vc_column_container vc_col-sm-6\"><div class=\"vc_column-inner\"><div class=\"wpb_wrapper\">\n\t<div  class=\"wpb_single_image wpb_content_element vc_align_left  vc_custom_1749548816131\">\n\t\t\n\t\t<figure class=\"wpb_wrapper vc_figure\">\n\t\t\t<div class=\"vc_single_image-wrapper   vc_box_border_grey\"><img loading=\"lazy\" decoding=\"async\" width=\"1500\" height=\"997\" src=\"https:\/\/rommedica.ro\/wp-content\/uploads\/2025\/06\/DSC_8939.jpg\" class=\"vc_single_image-img attachment-full\" alt=\"\" title=\"DSC_8939\" srcset=\"https:\/\/rommedica.ro\/wp-content\/uploads\/2025\/06\/DSC_8939.jpg 1500w, https:\/\/rommedica.ro\/wp-content\/uploads\/2025\/06\/DSC_8939-300x199.jpg 300w, https:\/\/rommedica.ro\/wp-content\/uploads\/2025\/06\/DSC_8939-1024x681.jpg 1024w, https:\/\/rommedica.ro\/wp-content\/uploads\/2025\/06\/DSC_8939-768x510.jpg 768w\" sizes=\"auto, (max-width: 1500px) 100vw, 1500px\"  data-dt-location=\"https:\/\/rommedica.ro\/en\/info-expozanti\/dsc_8939\/\" \/><\/div>\n\t\t<\/figure>\n\t<\/div>\n<\/div><\/div><\/div><div class=\"wpb_column vc_column_container vc_col-sm-6\"><div class=\"vc_column-inner vc_custom_1562003166274\"><div class=\"wpb_wrapper\"><div id=\"ultimate-heading-842369f315da3a234\" class=\"uvc-heading ult-adjust-bottom-margin ultimate-heading-842369f315da3a234 uvc-9585  uvc-heading-default-font-sizes\" data-hspacer=\"no_spacer\"  data-halign=\"left\" style=\"text-align:left\"><div class=\"uvc-heading-spacer no_spacer\" style=\"top\"><\/div><div class=\"uvc-sub-heading ult-responsive\"  data-ultimate-target='.uvc-heading.ultimate-heading-842369f315da3a234 .uvc-sub-heading '  data-responsive-json-new='{\"font-size\":\"\",\"line-height\":\"\"}'  style=\"font-weight:normal;\"><\/p>\n<div id=\"ultimate-heading-43596847ff6dcfba2\" class=\"uvc-heading ult-adjust-bottom-margin ultimate-heading-43596847ff6dcfba2 uvc-176 color-title accent-title-color\" data-hspacer=\"no_spacer\" data-halign=\"left\">\n<div class=\"uvc-main-heading ult-responsive\" data-ultimate-target=\".uvc-heading.ultimate-heading-43596847ff6dcfba2 h2\" data-responsive-json-new=\"{&quot;font-size&quot;:&quot;desktop:15px;&quot;,&quot;line-height&quot;:&quot;desktop:26px;&quot;}\">\n<h2>Arrangement period:<\/h2>\n<\/div>\n<\/div>\n<div class=\"standard-arrow bullet-top\">\n<ul>\n<li>For companies that build their own stands or with a third party: 14 \u2013 15.10.2026, time interval 08:00 \u2013 20:00<\/li>\n<li>For companies building stands with Romexpo: 15.10.2026, time interval 08:00 - 20:00<\/li>\n<\/ul>\n<\/div>\n<div id=\"ultimate-heading-14056847ff6dcfc38\" class=\"uvc-heading ult-adjust-bottom-margin ultimate-heading-14056847ff6dcfc38 uvc-9741 color-title accent-title-color\" data-hspacer=\"no_spacer\" data-halign=\"left\">\n<div class=\"uvc-main-heading ult-responsive\" data-ultimate-target=\".uvc-heading.ultimate-heading-14056847ff6dcfc38 h2\" data-responsive-json-new=\"{&quot;font-size&quot;:&quot;desktop:15px;&quot;,&quot;line-height&quot;:&quot;desktop:26px;&quot;}\">\n<h2>Decommissioning period:<\/h2>\n<\/div>\n<\/div>\n<div class=\"standard-arrow bullet-top\">\n<ul>\n<li>18.10.2026, time interval 18:00 \u2013 20:00 (access Bulevardul Poligrafiei, 2, E-Romexpo Gate, Pavilion B2)<\/li>\n<li>19.10.2025, time interval 08:00 \u2013 20:00 (access Bulevardul Poligrafiei, 2, E-Romexpo Gate, Pavilion B2)<\/li>\n<\/ul>\n<\/div>\n<p><\/div><\/div><\/div><\/div><\/div><\/div>\n<\/div>","protected":false},"excerpt":{"rendered":"<p>ROMMEDICA, este evenimentul dedicat tehnologiei \u0219i inova\u021biei din domeniul medical, reunind produc\u0103tori, importatori \u0219i distribuitori de echipamente \u0219i solu\u021bii medicale de ultim\u0103 genera\u021bie. Expozi\u021bia ofer\u0103 o platform\u0103 ideal\u0103 pentru profesioni\u0219tii din s\u0103n\u0103tate, facilit\u00e2nd interac\u021biuni de business, prezent\u0103ri de produse \u0219i servicii inovatoare, dar \u0219i acces la ultimele tendin\u021be \u0219i tehnologii din industria medical\u0103. ROMMEDICA reprezint\u0103&hellip;<\/p>","protected":false},"author":1,"featured_media":0,"parent":0,"menu_order":0,"comment_status":"closed","ping_status":"closed","template":"","meta":{"_monsterinsights_skip_tracking":false,"_monsterinsights_sitenote_active":false,"_monsterinsights_sitenote_note":"","_monsterinsights_sitenote_category":0,"_uf_show_specific_survey":0,"_uf_disable_surveys":false,"footnotes":""},"class_list":["post-1387","page","type-page","status-publish","hentry","description-off"],"aioseo_notices":[],"jetpack_sharing_enabled":true,"_links":{"self":[{"href":"https:\/\/rommedica.ro\/en\/wp-json\/wp\/v2\/pages\/1387","targetHints":{"allow":["GET"]}}],"collection":[{"href":"https:\/\/rommedica.ro\/en\/wp-json\/wp\/v2\/pages"}],"about":[{"href":"https:\/\/rommedica.ro\/en\/wp-json\/wp\/v2\/types\/page"}],"author":[{"embeddable":true,"href":"https:\/\/rommedica.ro\/en\/wp-json\/wp\/v2\/users\/1"}],"replies":[{"embeddable":true,"href":"https:\/\/rommedica.ro\/en\/wp-json\/wp\/v2\/comments?post=1387"}],"version-history":[{"count":7,"href":"https:\/\/rommedica.ro\/en\/wp-json\/wp\/v2\/pages\/1387\/revisions"}],"predecessor-version":[{"id":1564,"href":"https:\/\/rommedica.ro\/en\/wp-json\/wp\/v2\/pages\/1387\/revisions\/1564"}],"wp:attachment":[{"href":"https:\/\/rommedica.ro\/en\/wp-json\/wp\/v2\/media?parent=1387"}],"curies":[{"name":"wp","href":"https:\/\/api.w.org\/{rel}","templated":true}]}}